{"id":6209,"date":"2025-07-09T14:15:13","date_gmt":"2025-07-09T14:15:13","guid":{"rendered":"https:\/\/www.pilierdangle.it\/declaration-daccessibilite\/"},"modified":"2025-07-09T14:19:46","modified_gmt":"2025-07-09T14:19:46","slug":"declaration-daccessibilite","status":"publish","type":"page","link":"https:\/\/www.pilierdangle.it\/fr\/declaration-daccessibilite\/","title":{"rendered":"D\u00e9claration d&rsquo;accessibilit\u00e9"},"content":{"rendered":"\t\t<div data-elementor-type=\"wp-page\" data-elementor-id=\"6209\" class=\"elementor elementor-6209 elementor-6201\" data-elementor-post-type=\"page\">\n\t\t\t\t<div class=\"elementor-element elementor-element-3310bfa e-flex e-con-boxed e-con e-parent\" data-id=\"3310bfa\" data-element_type=\"container\">\n\t\t\t\t\t<div class=\"e-con-inner\">\n\t\t<div class=\"elementor-element elementor-element-30cfd5f e-con-full e-flex e-con e-child\" data-id=\"30cfd5f\" data-element_type=\"container\" data-settings=\"{&quot;background_background&quot;:&quot;classic&quot;}\">\n\t\t\t\t<div class=\"elementor-element elementor-element-909cd12 elementor-widget elementor-widget-heading\" data-id=\"909cd12\" data-element_type=\"widget\" data-widget_type=\"heading.default\">\n\t\t\t\t<div class=\"elementor-widget-container\">\n\t\t\t\t\t<h1 class=\"elementor-heading-title elementor-size-default\">D\u00e9claration d'accessibilit\u00e9<\/h1>\t\t\t\t<\/div>\n\t\t\t\t<\/div>\n\t\t<div class=\"elementor-element elementor-element-d89514f e-con-full e-flex e-con e-child\" data-id=\"d89514f\" data-element_type=\"container\">\n\t\t<div class=\"elementor-element elementor-element-1677c0b e-con-full e-flex e-con e-child\" data-id=\"1677c0b\" data-element_type=\"container\">\n\t\t\t\t<div class=\"elementor-element elementor-element-d100e43 elementor-widget elementor-widget-heading\" data-id=\"d100e43\" data-element_type=\"widget\" data-widget_type=\"heading.default\">\n\t\t\t\t<div class=\"elementor-widget-container\">\n\t\t\t\t\t<p class=\"elementor-heading-title elementor-size-default\">Hotel Pilier d'Angle<\/p>\t\t\t\t<\/div>\n\t\t\t\t<\/div>\n\t\t\t\t<div class=\"elementor-element elementor-element-02b4a2c elementor-widget elementor-widget-heading\" data-id=\"02b4a2c\" data-element_type=\"widget\" data-widget_type=\"heading.default\">\n\t\t\t\t<div class=\"elementor-widget-container\">\n\t\t\t\t\t<p class=\"elementor-heading-title elementor-size-default\"><a href=\"mailto:info@pilierdangle.it\">info@pilierdangle.it<\/a><\/p>\t\t\t\t<\/div>\n\t\t\t\t<\/div>\n\t\t\t\t<div class=\"elementor-element elementor-element-bf68281 elementor-widget elementor-widget-text-editor\" data-id=\"bf68281\" data-element_type=\"widget\" data-widget_type=\"text-editor.default\">\n\t\t\t\t<div class=\"elementor-widget-container\">\n\t\t\t\t\t\t\t\t\t<p>Nom de l&rsquo;entreprise: Pilier d&rsquo;Angle di Pizzato F. &amp; C. s.n.c.<br \/>\nBureau d&rsquo;inscription: Via Grandes Jorasses, 18 11013 Courmayeur (AO), Italia<br \/>\nNum\u00e9ro de TVA \/ code fiscal: 00569750078<\/p>\n<p>BANCA INTESA SAN PAOLO &#8211; AGENZIA DI COURMAYEUR<br \/>\nIBAN\u00a0 IT30 A030 6931 5611 0000 0006 396<br \/>\nBIC BCITITMM<\/p>\n\t\t\t\t\t\t\t\t<\/div>\n\t\t\t\t<\/div>\n\t\t\t\t<\/div>\n\t\t\t\t<div class=\"elementor-element elementor-element-71b8339 elementor-widget elementor-widget-heading\" data-id=\"71b8339\" data-element_type=\"widget\" data-widget_type=\"heading.default\">\n\t\t\t\t<div class=\"elementor-widget-container\">\n\t\t\t\t\t<p class=\"elementor-heading-title elementor-size-default\">Le site a \u00e9t\u00e9 publi\u00e9 le <strong>25 ao\u00fbt 2018<\/strong><\/p>\t\t\t\t<\/div>\n\t\t\t\t<\/div>\n\t\t\t\t<div class=\"elementor-element elementor-element-1e6c1da elementor-widget elementor-widget-heading\" data-id=\"1e6c1da\" data-element_type=\"widget\" data-widget_type=\"heading.default\">\n\t\t\t\t<div class=\"elementor-widget-container\">\n\t\t\t\t\t<p class=\"elementor-heading-title elementor-size-default\">Le site a \u00e9t\u00e9 mis \u00e0 jour le <strong>27 juin 2025<\/strong><\/p>\t\t\t\t<\/div>\n\t\t\t\t<\/div>\n\t\t\t\t<div class=\"elementor-element elementor-element-b4d129b elementor-widget elementor-widget-spacer\" data-id=\"b4d129b\" data-element_type=\"widget\" data-widget_type=\"spacer.default\">\n\t\t\t\t<div class=\"elementor-widget-container\">\n\t\t\t\t\t\t\t<div class=\"elementor-spacer\">\n\t\t\t<div class=\"elementor-spacer-inner\"><\/div>\n\t\t<\/div>\n\t\t\t\t\t\t<\/div>\n\t\t\t\t<\/div>\n\t\t\t\t<div class=\"elementor-element elementor-element-81724c5 elementor-widget elementor-widget-heading\" data-id=\"81724c5\" data-element_type=\"widget\" data-widget_type=\"heading.default\">\n\t\t\t\t<div class=\"elementor-widget-container\">\n\t\t\t\t\t<p class=\"elementor-heading-title elementor-size-default\">Conformit\u00e9<\/p>\t\t\t\t<\/div>\n\t\t\t\t<\/div>\n\t\t\t\t<div class=\"elementor-element elementor-element-dea76fd elementor-widget elementor-widget-text-editor\" data-id=\"dea76fd\" data-element_type=\"widget\" data-widget_type=\"text-editor.default\">\n\t\t\t\t<div class=\"elementor-widget-container\">\n\t\t\t\t\t\t\t\t\t<p>Ce site est partiellement conforme aux exigences de l&rsquo;annexe A de la norme UNI CEI EN 301 549 (WCAG 2.1 niveau AA).<\/p>\n\t\t\t\t\t\t\t\t<\/div>\n\t\t\t\t<\/div>\n\t\t\t\t<div class=\"elementor-element elementor-element-e1530b7 elementor-widget elementor-widget-heading\" data-id=\"e1530b7\" data-element_type=\"widget\" data-widget_type=\"heading.default\">\n\t\t\t\t<div class=\"elementor-widget-container\">\n\t\t\t\t\t<p class=\"elementor-heading-title elementor-size-default\">Contenus non accessibles<\/p>\t\t\t\t<\/div>\n\t\t\t\t<\/div>\n\t\t\t\t<div class=\"elementor-element elementor-element-e2dc57b elementor-widget elementor-widget-text-editor\" data-id=\"e2dc57b\" data-element_type=\"widget\" data-widget_type=\"text-editor.default\">\n\t\t\t\t<div class=\"elementor-widget-container\">\n\t\t\t\t\t\t\t\t\t<p>Les contenus suivants ne sont pas accessibles pour les raisons suivantes : <\/p>\n<ul>\n<li>Images sans texte alternatif ou avec un texte non pertinent<\/li>\n<li>Certains \u00e9l\u00e9ments ne respectent pas les contrastes de couleurs requis<\/li>\n<li>Le manque de balises s\u00e9mantiques limite partiellement la navigation avec un lecteur d\u2019\u00e9cran<\/li>\n<li>Vid\u00e9os : absence de sous-titres et de transcriptions<\/li>\n<li>Plan du site dans le pied de page non pr\u00e9sent<\/li>\n<li>Indicateur de focus non toujours visible<\/li>\n<li>Fil d\u2019Ariane non pr\u00e9sent<\/li>\n<li>Fichiers PDF non enti\u00e8rement accessibles<\/li>\n<\/ul>\n<p> Malgr\u00e9 les efforts de <strong>Hotel Pilier d&rsquo;Angle<\/strong>, d&rsquo;autres \u00e9l\u00e9ments non conformes peuvent ne pas \u00eatre list\u00e9s dans cette d\u00e9claration.<\/p>\n\t\t\t\t\t\t\t\t<\/div>\n\t\t\t\t<\/div>\n\t\t\t\t<div class=\"elementor-element elementor-element-15f7322 elementor-widget elementor-widget-heading\" data-id=\"15f7322\" data-element_type=\"widget\" data-widget_type=\"heading.default\">\n\t\t\t\t<div class=\"elementor-widget-container\">\n\t\t\t\t\t<div class=\"elementor-heading-title elementor-size-default\">D\u00e9claration r\u00e9dig\u00e9e par<\/div>\t\t\t\t<\/div>\n\t\t\t\t<\/div>\n\t\t\t\t<div class=\"elementor-element elementor-element-ff403a1 elementor-widget elementor-widget-text-editor\" data-id=\"ff403a1\" data-element_type=\"widget\" data-widget_type=\"text-editor.default\">\n\t\t\t\t<div class=\"elementor-widget-container\">\n\t\t\t\t\t\t\t\t\t<p>Network Service Srl, sur la base d\u2019une \u00e9valuation interne effectu\u00e9e le 27 juin 2025. Cette d\u00e9claration a \u00e9t\u00e9 r\u00e9alis\u00e9e conform\u00e9ment \u00e0 la directive (UE) 2016\/2102, via une auto-\u00e9valuation effectu\u00e9e par Network Service Srl avec l\u2019aide d\u2019outils automatiques.<\/p>\n\t\t\t\t\t\t\t\t<\/div>\n\t\t\t\t<\/div>\n\t\t\t\t<div class=\"elementor-element elementor-element-6f80270 elementor-widget elementor-widget-heading\" data-id=\"6f80270\" data-element_type=\"widget\" data-widget_type=\"heading.default\">\n\t\t\t\t<div class=\"elementor-widget-container\">\n\t\t\t\t\t<div class=\"elementor-heading-title elementor-size-default\">Modalit\u00e9 de signalement<\/div>\t\t\t\t<\/div>\n\t\t\t\t<\/div>\n\t\t\t\t<div class=\"elementor-element elementor-element-5cc6779 elementor-widget elementor-widget-text-editor\" data-id=\"5cc6779\" data-element_type=\"widget\" data-widget_type=\"text-editor.default\">\n\t\t\t\t<div class=\"elementor-widget-container\">\n\t\t\t\t\t\t\t\t\tVous pouvez signaler tout probl\u00e8me d\u2019accessibilit\u00e9 \u00e0 : Email : <span style=\"text-decoration: underline;\"><a href=\"mailto:accessibilita@network-service.it\">accessibilita@network-service.it<\/a><\/span> Nous vous r\u00e9pondrons dans un d\u00e9lai de 30 jours ouvrables.\t\t\t\t\t\t\t\t<\/div>\n\t\t\t\t<\/div>\n\t\t\t\t<div class=\"elementor-element elementor-element-42aef6e elementor-widget elementor-widget-heading\" data-id=\"42aef6e\" data-element_type=\"widget\" data-widget_type=\"heading.default\">\n\t\t\t\t<div class=\"elementor-widget-container\">\n\t\t\t\t\t<div class=\"elementor-heading-title elementor-size-default\">Signalement \u00e0 l\u2019AgID<\/div>\t\t\t\t<\/div>\n\t\t\t\t<\/div>\n\t\t\t\t<div class=\"elementor-element elementor-element-27941a7 elementor-widget elementor-widget-text-editor\" data-id=\"27941a7\" data-element_type=\"widget\" data-widget_type=\"text-editor.default\">\n\t\t\t\t<div class=\"elementor-widget-container\">\n\t\t\t\t\t\t\t\t\t<p>Si la r\u00e9ponse ne vous satisfait pas, vous pouvez envoyer un signalement \u00e0 l\u2019AgID \u00e0 l\u2019adresse suivante : protocollo@pec.agid.gov.it.<\/p>\n\t\t\t\t\t\t\t\t<\/div>\n\t\t\t\t<\/div>\n\t\t\t\t<\/div>\n\t\t\t\t<\/div>\n\t\t\t\t\t<\/div>\n\t\t\t\t<\/div>\n\t\t\t\t<\/div>\n\t\t","protected":false},"excerpt":{"rendered":"<p>D\u00e9claration d&rsquo;accessibilit\u00e9 Le site a \u00e9t\u00e9 publi\u00e9 le Le site a \u00e9t\u00e9 mis \u00e0 jour le Conformit\u00e9 Ce site est partiellement conforme aux exigences de l&rsquo;annexe A de la norme UNI CEI EN 301 549 (WCAG 2.1 niveau AA). Contenus non accessibles Les contenus suivants ne sont pas accessibles pour les raisons suivantes : Images [&hellip;]<\/p>\n","protected":false},"author":1,"featured_media":0,"parent":0,"menu_order":0,"comment_status":"closed","ping_status":"closed","template":"elementor_canvas","meta":{"_acf_changed":false,"footnotes":""},"class_list":["post-6209","page","type-page","status-publish","hentry"],"acf":[],"_links":{"self":[{"href":"https:\/\/www.pilierdangle.it\/fr\/wp-json\/wp\/v2\/pages\/6209","targetHints":{"allow":["GET"]}}],"collection":[{"href":"https:\/\/www.pilierdangle.it\/fr\/wp-json\/wp\/v2\/pages"}],"about":[{"href":"https:\/\/www.pilierdangle.it\/fr\/wp-json\/wp\/v2\/types\/page"}],"author":[{"embeddable":true,"href":"https:\/\/www.pilierdangle.it\/fr\/wp-json\/wp\/v2\/users\/1"}],"replies":[{"embeddable":true,"href":"https:\/\/www.pilierdangle.it\/fr\/wp-json\/wp\/v2\/comments?post=6209"}],"version-history":[{"count":1,"href":"https:\/\/www.pilierdangle.it\/fr\/wp-json\/wp\/v2\/pages\/6209\/revisions"}],"predecessor-version":[{"id":6210,"href":"https:\/\/www.pilierdangle.it\/fr\/wp-json\/wp\/v2\/pages\/6209\/revisions\/6210"}],"wp:attachment":[{"href":"https:\/\/www.pilierdangle.it\/fr\/wp-json\/wp\/v2\/media?parent=6209"}],"curies":[{"name":"wp","href":"https:\/\/api.w.org\/{rel}","templated":true}]}}