{"id":2018,"date":"2022-10-31T15:38:21","date_gmt":"2022-10-31T15:38:21","guid":{"rendered":"https:\/\/www.pilierdangle.it\/offres-speciales\/"},"modified":"2025-02-03T10:09:23","modified_gmt":"2025-02-03T10:09:23","slug":"offres-speciales","status":"publish","type":"page","link":"https:\/\/www.pilierdangle.it\/fr\/offres-speciales\/","title":{"rendered":"Offres Sp\u00e9ciales"},"content":{"rendered":"\t\t<div data-elementor-type=\"wp-page\" data-elementor-id=\"2018\" class=\"elementor elementor-2018 elementor-1748\" data-elementor-post-type=\"page\">\n\t\t\t\t\t\t<section class=\"elementor-section elementor-top-section elementor-element elementor-element-c007cba nooffers elementor-section-boxed elementor-section-height-default elementor-section-height-default\" data-id=\"c007cba\" data-element_type=\"section\" data-settings=\"{&quot;background_background&quot;:&quot;classic&quot;}\">\n\t\t\t\t\t\t<div class=\"elementor-container elementor-column-gap-no\">\n\t\t\t\t\t<div class=\"elementor-column elementor-col-100 elementor-top-column elementor-element elementor-element-05101fa\" data-id=\"05101fa\" data-element_type=\"column\">\n\t\t\t<div class=\"elementor-widget-wrap elementor-element-populated\">\n\t\t\t\t\t\t<div class=\"elementor-element elementor-element-aa93bad elementor-widget elementor-widget-heading\" data-id=\"aa93bad\" data-element_type=\"widget\" data-widget_type=\"heading.default\">\n\t\t\t\t<div class=\"elementor-widget-container\">\n\t\t\t\t\t<h1 class=\"elementor-heading-title elementor-size-default\">Actuellement, il n'y a pas d'offres disponibles!<\/h1>\t\t\t\t<\/div>\n\t\t\t\t<\/div>\n\t\t\t\t<div class=\"elementor-element elementor-element-11a0e17 elementor-widget elementor-widget-heading\" data-id=\"11a0e17\" data-element_type=\"widget\" data-widget_type=\"heading.default\">\n\t\t\t\t<div class=\"elementor-widget-container\">\n\t\t\t\t\t<h2 class=\"elementor-heading-title elementor-size-default\">Contactez-nous directement pour d\u00e9couvrir les promotions et opportunit\u00e9s con\u00e7ues pour vous.<\/h2>\t\t\t\t<\/div>\n\t\t\t\t<\/div>\n\t\t\t\t<div class=\"elementor-element elementor-element-bb638a0 elementor-widget elementor-widget-spacer\" data-id=\"bb638a0\" data-element_type=\"widget\" data-widget_type=\"spacer.default\">\n\t\t\t\t<div class=\"elementor-widget-container\">\n\t\t\t\t\t\t\t<div class=\"elementor-spacer\">\n\t\t\t<div class=\"elementor-spacer-inner\"><\/div>\n\t\t<\/div>\n\t\t\t\t\t\t<\/div>\n\t\t\t\t<\/div>\n\t\t\t\t<div class=\"elementor-element elementor-element-f8f8f75 elementor-align-center elementor-widget elementor-widget-button\" data-id=\"f8f8f75\" data-element_type=\"widget\" data-widget_type=\"button.default\">\n\t\t\t\t<div class=\"elementor-widget-container\">\n\t\t\t\t\t\t\t\t\t<div class=\"elementor-button-wrapper\">\n\t\t\t\t\t<a class=\"elementor-button elementor-button-link elementor-size-sm elementor-animation-grow\" href=\"\/fr\/demande-informations\/\">\n\t\t\t\t\t\t<span class=\"elementor-button-content-wrapper\">\n\t\t\t\t\t\t<span class=\"elementor-button-icon\">\n\t\t\t\t<i aria-hidden=\"true\" class=\"fas fa-envelope\"><\/i>\t\t\t<\/span>\n\t\t\t\t\t\t\t\t\t<span class=\"elementor-button-text\">Demande d'information<\/span>\n\t\t\t\t\t<\/span>\n\t\t\t\t\t<\/a>\n\t\t\t\t<\/div>\n\t\t\t\t\t\t\t\t<\/div>\n\t\t\t\t<\/div>\n\t\t\t\t\t<\/div>\n\t\t<\/div>\n\t\t\t\t\t<\/div>\n\t\t<\/section>\n\t\t\t\t<section class=\"elementor-section elementor-top-section elementor-element elementor-element-4d5f8c6 FASCIAOLM elementor-section-boxed elementor-section-height-default elementor-section-height-default\" data-id=\"4d5f8c6\" data-element_type=\"section\" data-settings=\"{&quot;background_background&quot;:&quot;classic&quot;}\">\n\t\t\t\t\t\t<div class=\"elementor-container elementor-column-gap-no\">\n\t\t\t\t\t<div class=\"elementor-column elementor-col-100 elementor-top-column elementor-element elementor-element-b6870c9\" data-id=\"b6870c9\" data-element_type=\"column\">\n\t\t\t<div class=\"elementor-widget-wrap elementor-element-populated\">\n\t\t\t\t\t\t<div class=\"elementor-element elementor-element-34d1f92 elementor-widget elementor-widget-heading\" data-id=\"34d1f92\" data-element_type=\"widget\" data-widget_type=\"heading.default\">\n\t\t\t\t<div class=\"elementor-widget-container\">\n\t\t\t\t\t<h1 class=\"elementor-heading-title elementor-size-default\">Offres Sp\u00e9ciales<\/h1>\t\t\t\t<\/div>\n\t\t\t\t<\/div>\n\t\t\t\t<div class=\"elementor-element elementor-element-c7ebfa9 elementor-widget elementor-widget-heading\" data-id=\"c7ebfa9\" data-element_type=\"widget\" data-widget_type=\"heading.default\">\n\t\t\t\t<div class=\"elementor-widget-container\">\n\t\t\t\t\t<h2 class=\"elementor-heading-title elementor-size-default\">Contr\u00f4lez cette section pour les meilleures offres dans Vall\u00e9e d\u2019Aoste<\/h2>\t\t\t\t<\/div>\n\t\t\t\t<\/div>\n\t\t\t\t<div class=\"elementor-element elementor-element-5022f55 elementor-widget elementor-widget-spacer\" data-id=\"5022f55\" data-element_type=\"widget\" data-widget_type=\"spacer.default\">\n\t\t\t\t<div class=\"elementor-widget-container\">\n\t\t\t\t\t\t\t<div class=\"elementor-spacer\">\n\t\t\t<div class=\"elementor-spacer-inner\"><\/div>\n\t\t<\/div>\n\t\t\t\t\t\t<\/div>\n\t\t\t\t<\/div>\n\t\t\t\t<div class=\"elementor-element elementor-element-2499059 elementor-grid-3 elementor-grid-tablet-2 elementor-grid-mobile-1 elementor-widget elementor-widget-loop-grid\" data-id=\"2499059\" data-element_type=\"widget\" data-settings=\"{&quot;template_id&quot;:5940,&quot;_skin&quot;:&quot;post&quot;,&quot;columns&quot;:&quot;3&quot;,&quot;columns_tablet&quot;:&quot;2&quot;,&quot;columns_mobile&quot;:&quot;1&quot;,&quot;edit_handle_selector&quot;:&quot;[data-elementor-type=\\&quot;loop-item\\&quot;]&quot;,&quot;row_gap&quot;:{&quot;unit&quot;:&quot;px&quot;,&quot;size&quot;:&quot;&quot;,&quot;sizes&quot;:[]},&quot;row_gap_tablet&quot;:{&quot;unit&quot;:&quot;px&quot;,&quot;size&quot;:&quot;&quot;,&quot;sizes&quot;:[]},&quot;row_gap_mobile&quot;:{&quot;unit&quot;:&quot;px&quot;,&quot;size&quot;:&quot;&quot;,&quot;sizes&quot;:[]}}\" data-widget_type=\"loop-grid.post\">\n\t\t\t\t<div class=\"elementor-widget-container\">\n\t\t\t\t\t\t\t<div class=\"elementor-loop-container elementor-grid\" role=\"list\">\n\t\t<style id=\"loop-dynamic-5940\">.e-loop-item-2496 .elementor-element.elementor-element-39f9572:not(.elementor-motion-effects-element-type-background), .e-loop-item-2496 .elementor-element.elementor-element-39f9572 > .elementor-motion-effects-container > .elementor-motion-effects-layer{background-image:url(\"https:\/\/www.pilierdangle.it\/wp-content\/uploads\/2022\/11\/skyway.jpeg\");}<\/style><style id=\"loop-5940\">.elementor-5940 .elementor-element.elementor-element-39f9572 > .elementor-container{min-height:250px;}.elementor-5940 .elementor-element.elementor-element-39f9572:not(.elementor-motion-effects-element-type-background), .elementor-5940 .elementor-element.elementor-element-39f9572 > .elementor-motion-effects-container > .elementor-motion-effects-layer{background-position:center center;background-repeat:no-repeat;background-size:cover;}.elementor-5940 .elementor-element.elementor-element-39f9572 > .elementor-background-overlay{opacity:0.5;}.elementor-5940 .elementor-element.elementor-element-39f9572{transition:background 0.3s, border 0.3s, border-radius 0.3s, box-shadow 0.3s;}.elementor-5940 .elementor-element.elementor-element-508a563:hover > .elementor-element-populated{background-color:var( --e-global-color-secondary );}.elementor-5940 .elementor-element.elementor-element-7207b63:not(.elementor-motion-effects-element-type-background) > .elementor-widget-wrap, .elementor-5940 .elementor-element.elementor-element-7207b63 > .elementor-widget-wrap > .elementor-motion-effects-container > .elementor-motion-effects-layer{background-color:var( --e-global-color-3b85158 );}.elementor-bc-flex-widget .elementor-5940 .elementor-element.elementor-element-7207b63.elementor-column .elementor-widget-wrap{align-items:flex-start;}.elementor-5940 .elementor-element.elementor-element-7207b63.elementor-column.elementor-element[data-element_type=\"column\"] > .elementor-widget-wrap.elementor-element-populated{align-content:flex-start;align-items:flex-start;}.elementor-5940 .elementor-element.elementor-element-7207b63 > .elementor-element-populated{transition:background 0.3s, border 0.3s, border-radius 0.3s, box-shadow 0.3s;padding:10px 10px 10px 10px;}.elementor-5940 .elementor-element.elementor-element-7207b63 > .elementor-element-populated > .elementor-background-overlay{transition:background 0.3s, border-radius 0.3s, opacity 0.3s;}.elementor-5940 .elementor-element.elementor-element-878eef4 > .elementor-container{min-height:250px;}.elementor-5940 .elementor-element.elementor-element-878eef4{border-style:solid;border-width:1px 1px 1px 1px;border-color:#FFFFFF80;margin-top:0px;margin-bottom:0px;padding:20px 20px 20px 20px;}.elementor-5940 .elementor-element.elementor-element-ec21deb{text-align:end;}.elementor-5940 .elementor-element.elementor-element-ec21deb .elementor-heading-title{font-family:\"Lato\", Sans-serif;font-size:20px;font-weight:300;text-transform:uppercase;line-height:24px;color:var( --e-global-color-secondary );}.elementor-5940 .elementor-element.elementor-element-68a5b76{text-align:end;}.elementor-5940 .elementor-element.elementor-element-68a5b76 .elementor-heading-title{font-family:var( --e-global-typography-secondary-font-family ), Sans-serif;font-size:var( --e-global-typography-secondary-font-size );line-height:var( --e-global-typography-secondary-line-height );color:var( --e-global-color-secondary );}.elementor-5940 .elementor-element.elementor-element-1a02113{width:auto;max-width:auto;font-family:var( --e-global-typography-text-font-family ), Sans-serif;font-size:var( --e-global-typography-text-font-size );line-height:var( --e-global-typography-text-line-height );color:var( --e-global-color-secondary );}.elementor-5940 .elementor-element.elementor-element-aa44a5b{--spacer-size:20px;}.elementor-5940 .elementor-element.elementor-element-0e3bd97 .elementor-button{font-family:var( --e-global-typography-secondary-font-family ), Sans-serif;font-size:var( --e-global-typography-secondary-font-size );line-height:var( --e-global-typography-secondary-line-height );fill:var( --e-global-color-secondary );color:var( --e-global-color-secondary );border-style:solid;border-width:1px 1px 1px 1px;border-color:#FFFFFF80;border-radius:0px 0px 0px 0px;}@media(max-width:1024px){.elementor-5940 .elementor-element.elementor-element-68a5b76 .elementor-heading-title{font-size:var( --e-global-typography-secondary-font-size );line-height:var( --e-global-typography-secondary-line-height );}.elementor-5940 .elementor-element.elementor-element-1a02113{font-size:var( --e-global-typography-text-font-size );line-height:var( --e-global-typography-text-line-height );}.elementor-5940 .elementor-element.elementor-element-0e3bd97 .elementor-button{font-size:var( --e-global-typography-secondary-font-size );line-height:var( --e-global-typography-secondary-line-height );}}@media(max-width:767px){.elementor-5940 .elementor-element.elementor-element-508a563 > .elementor-element-populated{padding:25px 25px 25px 25px;}.elementor-5940 .elementor-element.elementor-element-7207b63 > .elementor-element-populated{padding:25px 25px 25px 25px;}.elementor-5940 .elementor-element.elementor-element-68a5b76 .elementor-heading-title{font-size:var( --e-global-typography-secondary-font-size );line-height:var( --e-global-typography-secondary-line-height );}.elementor-5940 .elementor-element.elementor-element-1a02113{font-size:var( --e-global-typography-text-font-size );line-height:var( --e-global-typography-text-line-height );}.elementor-5940 .elementor-element.elementor-element-0e3bd97 .elementor-button{font-size:var( --e-global-typography-secondary-font-size );line-height:var( --e-global-typography-secondary-line-height );}}\/* Start custom CSS for text-editor, class: .elementor-element-1a02113 *\/.elementor-5940 .elementor-element.elementor-element-1a02113 {\n    display: none;\n}\/* End custom CSS *\/<\/style>\t\t<div data-elementor-type=\"loop-item\" data-elementor-id=\"5940\" class=\"elementor elementor-5940 elementor-5928 e-loop-item e-loop-item-2496 post-2496 offerte-speciali type-offerte-speciali status-publish format-standard has-post-thumbnail hentry\" data-elementor-post-type=\"elementor_library\" data-custom-edit-handle=\"1\">\n\t\t\t\t\t<section data-tp-sc-link=\"https:\/\/www.pilierdangle.it\/fr\/offres-speciales\/telepherique-du-mont-blanc\/\" data-tp-sc-link-external=\"\" style=\"cursor: pointer\" class=\"elementor-section elementor-top-section elementor-element elementor-element-39f9572 scheda-offerta elementor-section-full_width elementor-section-items-stretch elementor-section-height-min-height elementor-section-height-default\" data-id=\"39f9572\" data-element_type=\"section\" data-settings=\"{&quot;background_background&quot;:&quot;classic&quot;}\">\n\t\t\t\t\t\t\t<div class=\"elementor-background-overlay\"><\/div>\n\t\t\t\t\t\t\t<div class=\"elementor-container elementor-column-gap-default\">\n\t\t\t\t\t<div class=\"make-column-clickable-elementor elementor-column elementor-col-50 elementor-top-column elementor-element elementor-element-508a563\" style=\"cursor: pointer;\" data-column-clickable=\"https:\/\/www.pilierdangle.it\/fr\/offres-speciales\/telepherique-du-mont-blanc\/\" data-column-clickable-blank=\"_self\" data-id=\"508a563\" data-element_type=\"column\">\n\t\t\t<div class=\"elementor-widget-wrap\">\n\t\t\t\t\t\t\t<\/div>\n\t\t<\/div>\n\t\t\t\t<div class=\"make-column-clickable-elementor elementor-column elementor-col-50 elementor-top-column elementor-element elementor-element-7207b63\" style=\"cursor: pointer;\" data-column-clickable=\"https:\/\/www.pilierdangle.it\/fr\/offres-speciales\/telepherique-du-mont-blanc\/\" data-column-clickable-blank=\"_self\" data-id=\"7207b63\" data-element_type=\"column\" data-settings=\"{&quot;background_background&quot;:&quot;classic&quot;}\">\n\t\t\t<div class=\"elementor-widget-wrap elementor-element-populated\">\n\t\t\t\t\t\t<section class=\"elementor-section elementor-inner-section elementor-element elementor-element-878eef4 elementor-section-full_width elementor-section-height-min-height elementor-section-height-default\" data-id=\"878eef4\" data-element_type=\"section\">\n\t\t\t\t\t\t<div class=\"elementor-container elementor-column-gap-no\">\n\t\t\t\t\t<div class=\"elementor-column elementor-col-100 elementor-inner-column elementor-element elementor-element-37af058\" data-id=\"37af058\" data-element_type=\"column\">\n\t\t\t<div class=\"elementor-widget-wrap elementor-element-populated\">\n\t\t\t\t\t\t<div class=\"elementor-element elementor-element-ec21deb elementor-widget elementor-widget-heading\" data-id=\"ec21deb\" data-element_type=\"widget\" data-widget_type=\"heading.default\">\n\t\t\t\t<div class=\"elementor-widget-container\">\n\t\t\t\t\t<h3 class=\"elementor-heading-title elementor-size-default\">Nouvelle T\u00e9l\u00e9ph\u00e9rique Skyawy du Mont Blanc!<\/h3>\t\t\t\t<\/div>\n\t\t\t\t<\/div>\n\t\t\t\t<div class=\"elementor-element elementor-element-68a5b76 elementor-widget elementor-widget-heading\" data-id=\"68a5b76\" data-element_type=\"widget\" data-widget_type=\"heading.default\">\n\t\t\t\t<div class=\"elementor-widget-container\">\n\t\t\t\t\t<h4 class=\"elementor-heading-title elementor-size-default\">La huiti\u00e8me merveille du monde! \u00e0 150 m de l'hotel!<\/h4>\t\t\t\t<\/div>\n\t\t\t\t<\/div>\n\t\t\t\t<div class=\"elementor-element elementor-element-1a02113 dc-has-condition dc-condition-empty elementor-widget__width-auto elementor-widget elementor-widget-text-editor\" data-id=\"1a02113\" data-element_type=\"widget\" data-widget_type=\"text-editor.default\">\n\t\t\t\t<div class=\"elementor-widget-container\">\n\t\t\t\t\t\t\t\t\t<div class=\"datainizio\">06\/11\/2024<\/div>\n<div class=\"datafine\">01\/01\/2100<\/div>\n\t\t\t\t\t\t\t\t<\/div>\n\t\t\t\t<\/div>\n\t\t\t\t<div class=\"elementor-element elementor-element-aa44a5b elementor-widget elementor-widget-spacer\" data-id=\"aa44a5b\" data-element_type=\"widget\" data-widget_type=\"spacer.default\">\n\t\t\t\t<div class=\"elementor-widget-container\">\n\t\t\t\t\t\t\t<div class=\"elementor-spacer\">\n\t\t\t<div class=\"elementor-spacer-inner\"><\/div>\n\t\t<\/div>\n\t\t\t\t\t\t<\/div>\n\t\t\t\t<\/div>\n\t\t\t\t<div data-tp-sc-link=\"https:\/\/www.pilierdangle.it\/fr\/offres-speciales\/telepherique-du-mont-blanc\/\" data-tp-sc-link-external=\"\" style=\"cursor: pointer\" class=\"elementor-element elementor-element-0e3bd97 elementor-align-right elementor-widget elementor-widget-button\" data-id=\"0e3bd97\" data-element_type=\"widget\" data-widget_type=\"button.default\">\n\t\t\t\t<div class=\"elementor-widget-container\">\n\t\t\t\t\t\t\t\t\t<div class=\"elementor-button-wrapper\">\n\t\t\t\t\t<a class=\"elementor-button elementor-button-link elementor-size-xs elementor-animation-grow\" href=\"https:\/\/www.pilierdangle.it\/fr\/offres-speciales\/telepherique-du-mont-blanc\/\">\n\t\t\t\t\t\t<span class=\"elementor-button-content-wrapper\">\n\t\t\t\t\t\t\t\t\t<span class=\"elementor-button-text\">D\u00e9couvrir l'offre<\/span>\n\t\t\t\t\t<\/span>\n\t\t\t\t\t<\/a>\n\t\t\t\t<\/div>\n\t\t\t\t\t\t\t\t<\/div>\n\t\t\t\t<\/div>\n\t\t\t\t\t<\/div>\n\t\t<\/div>\n\t\t\t\t\t<\/div>\n\t\t<\/section>\n\t\t\t\t\t<\/div>\n\t\t<\/div>\n\t\t\t\t\t<\/div>\n\t\t<\/section>\n\t\t\t\t<\/div>\n\t\t\t\t<\/div>\n\t\t\n\t\t\t\t\t\t<\/div>\n\t\t\t\t<\/div>\n\t\t\t\t\t<\/div>\n\t\t<\/div>\n\t\t\t\t\t<\/div>\n\t\t<\/section>\n\t\t<div class=\"elementor-element elementor-element-7d11e40 e-con-full e-flex e-con e-parent\" data-id=\"7d11e40\" data-element_type=\"container\">\n\t\t\t\t<div class=\"elementor-element elementor-element-52a67bd elementor-widget elementor-widget-shortcode\" data-id=\"52a67bd\" data-element_type=\"widget\" data-widget_type=\"shortcode.default\">\n\t\t\t\t<div class=\"elementor-widget-container\">\n\t\t\t\t\t\t\t<div class=\"elementor-shortcode\"><p><script>\n    jQuery( document ).ready(function() {\n        jQuery('.fascia-offerte').remove();\n\t\tjQuery('.nooffers-footer').remove();\n    });\n<\/script><\/p>\n<\/div>\n\t\t\t\t\t\t<\/div>\n\t\t\t\t<\/div>\n\t\t\t\t<\/div>\n\t\t\t\t<\/div>\n\t\t","protected":false},"excerpt":{"rendered":"<p>Actuellement, il n&rsquo;y a pas d&rsquo;offres disponibles! Contactez-nous directement pour d\u00e9couvrir les promotions et opportunit\u00e9s con\u00e7ues pour vous. Offres Sp\u00e9ciales Contr\u00f4lez cette section pour les meilleures offres dans Vall\u00e9e d\u2019Aoste<\/p>\n","protected":false},"author":1,"featured_media":0,"parent":0,"menu_order":0,"comment_status":"closed","ping_status":"closed","template":"","meta":{"_acf_changed":false,"footnotes":""},"class_list":["post-2018","page","type-page","status-publish","hentry"],"acf":[],"_links":{"self":[{"href":"https:\/\/www.pilierdangle.it\/fr\/wp-json\/wp\/v2\/pages\/2018","targetHints":{"allow":["GET"]}}],"collection":[{"href":"https:\/\/www.pilierdangle.it\/fr\/wp-json\/wp\/v2\/pages"}],"about":[{"href":"https:\/\/www.pilierdangle.it\/fr\/wp-json\/wp\/v2\/types\/page"}],"author":[{"embeddable":true,"href":"https:\/\/www.pilierdangle.it\/fr\/wp-json\/wp\/v2\/users\/1"}],"replies":[{"embeddable":true,"href":"https:\/\/www.pilierdangle.it\/fr\/wp-json\/wp\/v2\/comments?post=2018"}],"version-history":[{"count":3,"href":"https:\/\/www.pilierdangle.it\/fr\/wp-json\/wp\/v2\/pages\/2018\/revisions"}],"predecessor-version":[{"id":5971,"href":"https:\/\/www.pilierdangle.it\/fr\/wp-json\/wp\/v2\/pages\/2018\/revisions\/5971"}],"wp:attachment":[{"href":"https:\/\/www.pilierdangle.it\/fr\/wp-json\/wp\/v2\/media?parent=2018"}],"curies":[{"name":"wp","href":"https:\/\/api.w.org\/{rel}","templated":true}]}}