{"id":2009,"date":"2022-10-31T11:49:26","date_gmt":"2022-10-31T11:49:26","guid":{"rendered":"https:\/\/www.pilierdangle.it\/courmayeur\/"},"modified":"2022-12-05T09:00:10","modified_gmt":"2022-12-05T09:00:10","slug":"courmayeur","status":"publish","type":"page","link":"https:\/\/www.pilierdangle.it\/fr\/courmayeur\/","title":{"rendered":"Courmayeur"},"content":{"rendered":"\t\t<div data-elementor-type=\"wp-page\" data-elementor-id=\"2009\" class=\"elementor elementor-2009 elementor-1685\" data-elementor-post-type=\"page\">\n\t\t\t\t\t\t<section class=\"elementor-section elementor-top-section elementor-element elementor-element-2093997 elementor-section-full_width elementor-section-content-bottom elementor-section-height-default elementor-section-height-default\" data-id=\"2093997\" data-element_type=\"section\">\n\t\t\t\t\t\t<div class=\"elementor-container elementor-column-gap-no\">\n\t\t\t\t\t<div class=\"elementor-column elementor-col-100 elementor-top-column elementor-element elementor-element-492fbe5\" data-id=\"492fbe5\" data-element_type=\"column\">\n\t\t\t<div class=\"elementor-widget-wrap elementor-element-populated\">\n\t\t\t\t\t\t<div class=\"elementor-element elementor-element-1eb872e elementor--h-position-center elementor--v-position-middle elementor-arrows-position-inside elementor-widget elementor-widget-slides\" data-id=\"1eb872e\" data-element_type=\"widget\" data-settings=\"{&quot;navigation&quot;:&quot;arrows&quot;,&quot;transition&quot;:&quot;fade&quot;,&quot;autoplay&quot;:&quot;yes&quot;,&quot;pause_on_hover&quot;:&quot;yes&quot;,&quot;pause_on_interaction&quot;:&quot;yes&quot;,&quot;autoplay_speed&quot;:5000,&quot;infinite&quot;:&quot;yes&quot;,&quot;transition_speed&quot;:500}\" data-widget_type=\"slides.default\">\n\t\t\t\t<div class=\"elementor-widget-container\">\n\t\t\t\t\t\t\t\t\t<div class=\"elementor-swiper\">\n\t\t\t\t\t<div class=\"elementor-slides-wrapper elementor-main-swiper swiper\" role=\"region\" aria-roledescription=\"carousel\" aria-label=\"Diapositives\" dir=\"ltr\" data-animation=\"fadeInUp\">\n\t\t\t\t<div class=\"swiper-wrapper elementor-slides\">\n\t\t\t\t\t\t\t\t\t\t<div class=\"elementor-repeater-item-faf2d1b swiper-slide\" role=\"group\" aria-roledescription=\"slide\"><div class=\"swiper-slide-bg elementor-ken-burns elementor-ken-burns--in\" role=\"img\" aria-label=\"courmayeur01-pilierdangle\"><\/div><div class=\"swiper-slide-inner\" ><div class=\"swiper-slide-contents\"><\/div><\/div><\/div><div class=\"elementor-repeater-item-3f4b6b3 swiper-slide\" role=\"group\" aria-roledescription=\"slide\"><div class=\"swiper-slide-bg elementor-ken-burns elementor-ken-burns--in\" role=\"img\" aria-label=\"courmayeur02-pilierdangle\"><\/div><div class=\"swiper-slide-inner\" ><div class=\"swiper-slide-contents\"><\/div><\/div><\/div><div class=\"elementor-repeater-item-7312132 swiper-slide\" role=\"group\" aria-roledescription=\"slide\"><div class=\"swiper-slide-bg elementor-ken-burns elementor-ken-burns--in\" role=\"img\" aria-label=\"courmayeur03-pilierdangle\"><\/div><div class=\"swiper-slide-inner\" ><div class=\"swiper-slide-contents\"><\/div><\/div><\/div><div class=\"elementor-repeater-item-043e64e swiper-slide\" role=\"group\" aria-roledescription=\"slide\"><div class=\"swiper-slide-bg elementor-ken-burns elementor-ken-burns--in\" role=\"img\" aria-label=\"courmayeur04-pilierdangle\"><\/div><div class=\"swiper-slide-inner\" ><div class=\"swiper-slide-contents\"><\/div><\/div><\/div><div class=\"elementor-repeater-item-ba38450 swiper-slide\" role=\"group\" aria-roledescription=\"slide\"><div class=\"swiper-slide-bg elementor-ken-burns elementor-ken-burns--in\" role=\"img\" aria-label=\"courmayeur05-pilierdangle\"><\/div><div class=\"swiper-slide-inner\" ><div class=\"swiper-slide-contents\"><\/div><\/div><\/div><div class=\"elementor-repeater-item-e993b8c swiper-slide\" role=\"group\" aria-roledescription=\"slide\"><div class=\"swiper-slide-bg elementor-ken-burns elementor-ken-burns--in\" role=\"img\" aria-label=\"courmayeur06-pilierdangle\"><\/div><div class=\"swiper-slide-inner\" ><div class=\"swiper-slide-contents\"><\/div><\/div><\/div><div class=\"elementor-repeater-item-7963e8f swiper-slide\" role=\"group\" aria-roledescription=\"slide\"><div class=\"swiper-slide-bg elementor-ken-burns elementor-ken-burns--in\" role=\"img\" aria-label=\"courmayeur07-pilierdangle\"><\/div><div class=\"swiper-slide-inner\" ><div class=\"swiper-slide-contents\"><\/div><\/div><\/div><div class=\"elementor-repeater-item-70b98bc swiper-slide\" role=\"group\" aria-roledescription=\"slide\"><div class=\"swiper-slide-bg elementor-ken-burns elementor-ken-burns--in\" role=\"img\" aria-label=\"courmayeur08-pilierdangle\"><\/div><div class=\"swiper-slide-inner\" ><div class=\"swiper-slide-contents\"><\/div><\/div><\/div><div class=\"elementor-repeater-item-8f3cd17 swiper-slide\" role=\"group\" aria-roledescription=\"slide\"><div class=\"swiper-slide-bg elementor-ken-burns elementor-ken-burns--in\" role=\"img\" aria-label=\"courmayeur09-pilierdangle\"><\/div><div class=\"swiper-slide-inner\" ><div class=\"swiper-slide-contents\"><\/div><\/div><\/div><div class=\"elementor-repeater-item-46afea5 swiper-slide\" role=\"group\" aria-roledescription=\"slide\"><div class=\"swiper-slide-bg elementor-ken-burns elementor-ken-burns--in\" role=\"img\" aria-label=\"courmayeur10-pilierdangle\"><\/div><div class=\"swiper-slide-inner\" ><div class=\"swiper-slide-contents\"><\/div><\/div><\/div><div class=\"elementor-repeater-item-949778a swiper-slide\" role=\"group\" aria-roledescription=\"slide\"><div class=\"swiper-slide-bg elementor-ken-burns elementor-ken-burns--in\" role=\"img\" aria-label=\"courmayeur11-pilierdangle\"><\/div><div class=\"swiper-slide-inner\" ><div class=\"swiper-slide-contents\"><\/div><\/div><\/div><div class=\"elementor-repeater-item-123bfc3 swiper-slide\" role=\"group\" aria-roledescription=\"slide\"><div class=\"swiper-slide-bg elementor-ken-burns elementor-ken-burns--in\" role=\"img\" aria-label=\"courmayeur12-pilierdangle\"><\/div><div class=\"swiper-slide-inner\" ><div class=\"swiper-slide-contents\"><\/div><\/div><\/div><div class=\"elementor-repeater-item-f5bb17e swiper-slide\" role=\"group\" aria-roledescription=\"slide\"><div class=\"swiper-slide-bg elementor-ken-burns elementor-ken-burns--in\" role=\"img\" aria-label=\"courmayeur13-pilierdangle\"><\/div><div class=\"swiper-slide-inner\" ><div class=\"swiper-slide-contents\"><\/div><\/div><\/div><div class=\"elementor-repeater-item-a62052e swiper-slide\" role=\"group\" aria-roledescription=\"slide\"><div class=\"swiper-slide-bg elementor-ken-burns elementor-ken-burns--in\" role=\"img\" aria-label=\"courmayeur14-pilierdangle\"><\/div><div class=\"swiper-slide-inner\" ><div class=\"swiper-slide-contents\"><\/div><\/div><\/div>\t\t\t\t<\/div>\n\t\t\t\t\t\t\t\t\t\t\t\t\t\t\t<div class=\"elementor-swiper-button elementor-swiper-button-prev\" role=\"button\" tabindex=\"0\" aria-label=\"Diapositive pr\u00e9c\u00e9dente\">\n\t\t\t\t\t\t\t<i aria-hidden=\"true\" class=\"eicon-chevron-left\"><\/i>\t\t\t\t\t\t<\/div>\n\t\t\t\t\t\t<div class=\"elementor-swiper-button elementor-swiper-button-next\" role=\"button\" tabindex=\"0\" aria-label=\"Diapositive suivante\">\n\t\t\t\t\t\t\t<i aria-hidden=\"true\" class=\"eicon-chevron-right\"><\/i>\t\t\t\t\t\t<\/div>\n\t\t\t\t\t\t\t\t\t\t\t\t\t\t\t\t\t<\/div>\n\t\t\t\t<\/div>\n\t\t\t\t\t\t\t\t<\/div>\n\t\t\t\t<\/div>\n\t\t\t\t<div class=\"elementor-element elementor-element-a281bde elementor-absolute animated-slow elementor-hidden-tablet elementor-hidden-mobile elementor-widget elementor-widget-template\" data-id=\"a281bde\" data-element_type=\"widget\" data-settings=\"{&quot;_position&quot;:&quot;absolute&quot;,&quot;_animation&quot;:&quot;none&quot;}\" data-widget_type=\"template.default\">\n\t\t\t\t<div class=\"elementor-widget-container\">\n\t\t\t\t\t\t\t<div class=\"elementor-template\">\n\t\t\t\t\t<div data-elementor-type=\"section\" data-elementor-id=\"1820\" class=\"elementor elementor-1820 elementor-234\" data-elementor-post-type=\"elementor_library\">\n\t\t\t\t\t<section class=\"elementor-section elementor-top-section elementor-element elementor-element-55cde2a3 dc-has-condition dc-condition-equal elementor-section-content-middle elementor-section-stretched elementor-section-boxed elementor-section-height-default elementor-section-height-default\" data-id=\"55cde2a3\" data-element_type=\"section\" data-settings=\"{&quot;background_background&quot;:&quot;classic&quot;,&quot;stretch_section&quot;:&quot;section-stretched&quot;}\">\n\t\t\t\t\t\t<div class=\"elementor-container elementor-column-gap-no\">\n\t\t\t\t\t<div class=\"elementor-column elementor-col-33 elementor-top-column elementor-element elementor-element-1ee1188\" data-id=\"1ee1188\" data-element_type=\"column\" data-settings=\"{&quot;background_background&quot;:&quot;classic&quot;}\">\n\t\t\t<div class=\"elementor-widget-wrap elementor-element-populated\">\n\t\t\t\t\t\t<div class=\"elementor-element elementor-element-f3544da elementor-widget elementor-widget-heading\" data-id=\"f3544da\" data-element_type=\"widget\" data-widget_type=\"heading.default\">\n\t\t\t\t<div class=\"elementor-widget-container\">\n\t\t\t\t\t<div class=\"elementor-heading-title elementor-size-default\">Booking Online<\/div>\t\t\t\t<\/div>\n\t\t\t\t<\/div>\n\t\t\t\t<div class=\"elementor-element elementor-element-bbb529c elementor-widget elementor-widget-heading\" data-id=\"bbb529c\" data-element_type=\"widget\" data-widget_type=\"heading.default\">\n\t\t\t\t<div class=\"elementor-widget-container\">\n\t\t\t\t\t<div class=\"elementor-heading-title elementor-size-default\">Meilleur prix garanti<\/div>\t\t\t\t<\/div>\n\t\t\t\t<\/div>\n\t\t\t\t\t<\/div>\n\t\t<\/div>\n\t\t\t\t<div class=\"elementor-column elementor-col-66 elementor-top-column elementor-element elementor-element-159100f0\" data-id=\"159100f0\" data-element_type=\"column\" data-settings=\"{&quot;background_background&quot;:&quot;classic&quot;}\">\n\t\t\t<div class=\"elementor-widget-wrap elementor-element-populated\">\n\t\t\t\t\t\t<div class=\"elementor-element elementor-element-40e7165 elementor-align-justify elementor-widget elementor-widget-button\" data-id=\"40e7165\" data-element_type=\"widget\" data-widget_type=\"button.default\">\n\t\t\t\t<div class=\"elementor-widget-container\">\n\t\t\t\t\t\t\t\t\t<div class=\"elementor-button-wrapper\">\n\t\t\t\t\t<a class=\"elementor-button elementor-button-link elementor-size-sm\" href=\"https:\/\/booking.ericsoft.com\/BookingEngine\/book.aspx?idh=95323DD4E6448253&#038;lang=fr\" target=\"_blank\" rel=\"noopener\">\n\t\t\t\t\t\t<span class=\"elementor-button-content-wrapper\">\n\t\t\t\t\t\t\t\t\t<span class=\"elementor-button-text\">R\u00e9servez vos vacances d\u00e8s maintenant !<\/span>\n\t\t\t\t\t<\/span>\n\t\t\t\t\t<\/a>\n\t\t\t\t<\/div>\n\t\t\t\t\t\t\t\t<\/div>\n\t\t\t\t<\/div>\n\t\t\t\t\t<\/div>\n\t\t<\/div>\n\t\t\t\t\t<\/div>\n\t\t<\/section>\n\t\t\t\t<\/div>\n\t\t\t\t<\/div>\n\t\t\t\t\t\t<\/div>\n\t\t\t\t<\/div>\n\t\t\t\t\t<\/div>\n\t\t<\/div>\n\t\t\t\t\t<\/div>\n\t\t<\/section>\n\t\t\t\t<section class=\"elementor-section elementor-top-section elementor-element elementor-element-4d5f8c6 elementor-section-boxed elementor-section-height-default elementor-section-height-default\" data-id=\"4d5f8c6\" data-element_type=\"section\" data-settings=\"{&quot;background_background&quot;:&quot;classic&quot;}\">\n\t\t\t\t\t\t<div class=\"elementor-container elementor-column-gap-no\">\n\t\t\t\t\t<div class=\"elementor-column elementor-col-100 elementor-top-column elementor-element elementor-element-b6870c9\" data-id=\"b6870c9\" data-element_type=\"column\">\n\t\t\t<div class=\"elementor-widget-wrap elementor-element-populated\">\n\t\t\t\t\t\t<div class=\"elementor-element elementor-element-34d1f92 elementor-widget elementor-widget-heading\" data-id=\"34d1f92\" data-element_type=\"widget\" data-widget_type=\"heading.default\">\n\t\t\t\t<div class=\"elementor-widget-container\">\n\t\t\t\t\t<h1 class=\"elementor-heading-title elementor-size-default\">Courmayeur<\/h1>\t\t\t\t<\/div>\n\t\t\t\t<\/div>\n\t\t\t\t<div class=\"elementor-element elementor-element-c7ebfa9 elementor-widget elementor-widget-heading\" data-id=\"c7ebfa9\" data-element_type=\"widget\" data-widget_type=\"heading.default\">\n\t\t\t\t<div class=\"elementor-widget-container\">\n\t\t\t\t\t<h2 class=\"elementor-heading-title elementor-size-default\">R\u00e9servez vos vacances \u00e0 Entr\u00e8ves et d\u00e9couvrez Courmayeur et environs\n<\/h2>\t\t\t\t<\/div>\n\t\t\t\t<\/div>\n\t\t\t\t<div class=\"elementor-element elementor-element-a7ce879 elementor-widget elementor-widget-text-editor\" data-id=\"a7ce879\" data-element_type=\"widget\" data-widget_type=\"text-editor.default\">\n\t\t\t\t<div class=\"elementor-widget-container\">\n\t\t\t\t\t\t\t\t\t<p>L\u2019<strong>H\u00f4tel Pilier D\u2019Angle<\/strong> se trouve en position tr\u00e8s favorable, dans le petit et caract\u00e9ristique <strong>bourg d\u2019Entr\u00e8ves<\/strong> \u00e0 la confluence des c\u00e9l\u00e8bres vall\u00e9es sur les pentes du <strong>Mont-Blanc<\/strong> : le <strong>Val Ferret<\/strong> et le <strong>Val Veny<\/strong>, \u00e9tape id\u00e9ale pour ceux qui parcourent le classique <strong>Tour du Mont-Blanc<\/strong>, la randonn\u00e9e la plus c\u00e9l\u00e8bre des Alpes.<\/p>\n\t\t\t\t\t\t\t\t<\/div>\n\t\t\t\t<\/div>\n\t\t\t\t<section class=\"elementor-section elementor-inner-section elementor-element elementor-element-6b3abaa elementor-section-full_width elementor-section-height-default elementor-section-height-default\" data-id=\"6b3abaa\" data-element_type=\"section\">\n\t\t\t\t\t\t<div class=\"elementor-container elementor-column-gap-no\">\n\t\t\t\t\t<div class=\"elementor-column elementor-col-50 elementor-inner-column elementor-element elementor-element-8a891ad\" data-id=\"8a891ad\" data-element_type=\"column\">\n\t\t\t<div class=\"elementor-widget-wrap elementor-element-populated\">\n\t\t\t\t\t\t<div class=\"elementor-element elementor-element-f150627 elementor-widget elementor-widget-heading\" data-id=\"f150627\" data-element_type=\"widget\" data-widget_type=\"heading.default\">\n\t\t\t\t<div class=\"elementor-widget-container\">\n\t\t\t\t\t<h3 class=\"elementor-heading-title elementor-size-default\">Courmayeur<\/h3>\t\t\t\t<\/div>\n\t\t\t\t<\/div>\n\t\t\t\t<div class=\"elementor-element elementor-element-3ab5033 elementor-widget elementor-widget-text-editor\" data-id=\"3ab5033\" data-element_type=\"widget\" data-widget_type=\"text-editor.default\">\n\t\t\t\t<div class=\"elementor-widget-container\">\n\t\t\t\t\t\t\t\t\t<p>Courmayeur est la localit\u00e9 la plus belle, suggestive et \u00e9l\u00e9gante de la Vall\u00e9e d\u2019Aoste. Situ\u00e9e aux pieds du Mont-Blanc, elle est renomm\u00e9e pour son hospitalit\u00e9 depuis le XVIIIe si\u00e8cle et elle jouit d\u2019un climat exceptionnellement doux et sec dans toutes les saisons.<\/p>\n<p>Que faire et voir \u00e0 Courmayeur, localit\u00e9 recherch\u00e9e et de classe:<\/p>\n<ul class=\"ulrev\">\n<li>shopping de haute qualit\u00e9 avec des magasins \u00e9l\u00e9gants et prestigieux<\/li>\n<li>domaine skiable hivernal de haut niveau avec 100 km de pistes qui donnent sur la cha\u00eene du <strong>Mont-Blanc<\/strong><\/li>\n<li><strong>piscine d\u2019\u00e9t\u00e9<\/strong> en plein air \u00e0 1 700 m\u00e8tres d\u2019altitude<\/li>\n<li>F\u00eate Celtique (d\u00e9but juillet)<\/li>\n<li>Forum Sport Center (Stade de Glace, terrains de Tennis, courts de squash, piste de curling, mur d\u2019escalade et beaucoup d\u2019autres choses)<\/li>\n<li>en \u00e9t\u00e9, de nombreux sentiers de <strong>trekking<\/strong> \u00e0 parcourir aussi en <strong>VTT<\/strong> le long du Val Veny et du Val Ferret<\/li>\n<li>mus\u00e9e des Guides<\/li>\n<\/ul>\n\t\t\t\t\t\t\t\t<\/div>\n\t\t\t\t<\/div>\n\t\t\t\t<div class=\"elementor-element elementor-element-463a7b0 elementor-widget elementor-widget-heading\" data-id=\"463a7b0\" data-element_type=\"widget\" data-widget_type=\"heading.default\">\n\t\t\t\t<div class=\"elementor-widget-container\">\n\t\t\t\t\t<h3 class=\"elementor-heading-title elementor-size-default\">Terme de Pr\u00e9 Saint Didier\n<\/h3>\t\t\t\t<\/div>\n\t\t\t\t<\/div>\n\t\t\t\t<div class=\"elementor-element elementor-element-5167d9b elementor-widget elementor-widget-text-editor\" data-id=\"5167d9b\" data-element_type=\"widget\" data-widget_type=\"text-editor.default\">\n\t\t\t\t<div class=\"elementor-widget-container\">\n\t\t\t\t\t\t\t\t\t<p>Les proches <strong>Thermes de Pr\u00e9-Saint-Didier<\/strong> exploitent les sources d\u2019eau chaude qui jaillissent naturellement. Ils \u00e9taient connus d\u00e9j\u00e0 \u00e0 l\u2019\u00e9poque des Romains et ils enrichissent l\u2019offre touristique de <strong>Courmayeur<\/strong> et de toute la <strong>Valdigne<\/strong>. Notre <strong>h\u00f4tel<\/strong> est <strong>conventionn\u00e9 avec les Thermes<\/strong>, vous pourrez ainsi obtenir une r\u00e9duction sur le billet et avoir un couloir privil\u00e9gi\u00e9 pour l\u2019entr\u00e9e<\/p>\n\t\t\t\t\t\t\t\t<\/div>\n\t\t\t\t<\/div>\n\t\t\t\t\t<\/div>\n\t\t<\/div>\n\t\t\t\t<div class=\"elementor-column elementor-col-50 elementor-inner-column elementor-element elementor-element-731c800\" data-id=\"731c800\" data-element_type=\"column\">\n\t\t\t<div class=\"elementor-widget-wrap elementor-element-populated\">\n\t\t\t\t\t\t<div class=\"elementor-element elementor-element-0bec8f6 elementor-widget elementor-widget-heading\" data-id=\"0bec8f6\" data-element_type=\"widget\" data-widget_type=\"heading.default\">\n\t\t\t\t<div class=\"elementor-widget-container\">\n\t\t\t\t\t<h3 class=\"elementor-heading-title elementor-size-default\">Entr\u00e8ves<\/h3>\t\t\t\t<\/div>\n\t\t\t\t<\/div>\n\t\t\t\t<div class=\"elementor-element elementor-element-087e64f elementor-widget elementor-widget-text-editor\" data-id=\"087e64f\" data-element_type=\"widget\" data-widget_type=\"text-editor.default\">\n\t\t\t\t<div class=\"elementor-widget-container\">\n\t\t\t\t\t\t\t\t\t<p>Le bourg d\u2019Entr\u00e8ves est un petit hameau \u00e0 seulement 2 km de Courmayeur. Sa position en fait le village le plus adapt\u00e9 pour profiter de la spectaculaire vue sur les glaciers et sur le massif du \u00ab\u00a0G\u00e9ant Blanc\u00a0\u00bb.<br \/>Le bourg d\u2019Entr\u00e8ves est un petit hameau \u00e0 seulement 2,5 km de Courmayeur.<br \/>En position privil\u00e9gi\u00e9e aux pieds du Mont-Blanc on peut profiter d\u2019une vue spectaculaire et unique sur le glacier de la Brenva et sur les Grandes Jorasses.<\/p>\n<p><strong>Que voir \u00e0 Entr\u00e8ves:<\/strong><\/p>\n<ul class=\"t15\">\n<li><strong>maison forteresse des Passerin d&rsquo;Entr\u00e8ves<\/strong> du XIVe si\u00e8cle<\/li>\n<li><em>les \u00c9curies du Ch\u00e2teau<\/em> (r\u00e9cemment r\u00e9am\u00e9nag\u00e9es)<\/li>\n<li><strong>Chapelle du Village<\/strong> intitul\u00e9e \u00e0 Sainte Marguerite<\/li>\n<li>granges et \u00e9tables avec architraves du XIXe si\u00e8cle, d\u2019authentiques pi\u00e8ces d\u2019autrefois pour revivre l\u2019antique histoire rurale de la Vall\u00e9e d\u2019Aoste<\/li>\n<li>lavoir en pierre de 1876<\/li>\n<li>anciennes maisons attach\u00e9es les unes aux autres en demi-cercle<\/li>\n<li>petit march\u00e9 d\u2019antiquit\u00e9s de Santa Margherita<\/li>\n<li>t\u00e9l\u00e9ph\u00e9rique <strong>Skyway Mont-Blanc<\/strong> et liaison avec l&rsquo;Aiguille du Midi &#8211; Chamonix<\/li>\n<li>t\u00e9l\u00e9ph\u00e9rique Val Veny, pour l\u2019acc\u00e8s aux pistes de ski<\/li>\n<li>h\u00e9liport, base de d\u00e9part pour h\u00e9liski et freeride<\/li>\n<\/ul>\n<p>Plus en g\u00e9n\u00e9ral, <strong>Entr\u00e8ves<\/strong> conserve encore cet air typique du <strong>village alpin<\/strong>, cette atmosph\u00e8re feutr\u00e9e et d\u00e9fil\u00e9e qui le fait aimer.<\/p>\n\t\t\t\t\t\t\t\t<\/div>\n\t\t\t\t<\/div>\n\t\t\t\t\t<\/div>\n\t\t<\/div>\n\t\t\t\t\t<\/div>\n\t\t<\/section>\n\t\t\t\t\t<\/div>\n\t\t<\/div>\n\t\t\t\t\t<\/div>\n\t\t<\/section>\n\t\t\t\t<section class=\"elementor-section elementor-top-section elementor-element elementor-element-48b3b20 elementor-section-full_width elementor-section-height-min-height elementor-section-height-default elementor-section-items-middle\" data-id=\"48b3b20\" data-element_type=\"section\" data-settings=\"{&quot;background_background&quot;:&quot;classic&quot;}\">\n\t\t\t\t\t\t<div class=\"elementor-container elementor-column-gap-no\">\n\t\t\t\t\t<div class=\"elementor-column elementor-col-100 elementor-top-column elementor-element elementor-element-f204d83\" data-id=\"f204d83\" data-element_type=\"column\">\n\t\t\t<div class=\"elementor-widget-wrap\">\n\t\t\t\t\t\t\t<\/div>\n\t\t<\/div>\n\t\t\t\t\t<\/div>\n\t\t<\/section>\n\t\t\t\t<section class=\"elementor-section elementor-top-section elementor-element elementor-element-bb3ef78 elementor-section-full_width elementor-section-height-default elementor-section-height-default\" data-id=\"bb3ef78\" data-element_type=\"section\">\n\t\t\t\t\t\t<div class=\"elementor-container elementor-column-gap-no\">\n\t\t\t\t\t<div class=\"elementor-column elementor-col-100 elementor-top-column elementor-element elementor-element-4be6064\" data-id=\"4be6064\" data-element_type=\"column\" data-settings=\"{&quot;background_background&quot;:&quot;classic&quot;}\">\n\t\t\t<div class=\"elementor-widget-wrap elementor-element-populated\">\n\t\t\t\t\t\t<div class=\"elementor-element elementor-element-e1f5d68 elementor-widget elementor-widget-heading\" data-id=\"e1f5d68\" data-element_type=\"widget\" data-widget_type=\"heading.default\">\n\t\t\t\t<div class=\"elementor-widget-container\">\n\t\t\t\t\t<h3 class=\"elementor-heading-title elementor-size-default\">Le tout nouveau SkyWay, la huiti\u00e8me merveille du monde\n<\/h3>\t\t\t\t<\/div>\n\t\t\t\t<\/div>\n\t\t\t\t<div class=\"elementor-element elementor-element-2737cfa elementor-widget elementor-widget-text-editor\" data-id=\"2737cfa\" data-element_type=\"widget\" data-widget_type=\"text-editor.default\">\n\t\t\t\t<div class=\"elementor-widget-container\">\n\t\t\t\t\t\t\t\t\t<p>Maintenant, la montagne est vraiment enchant\u00e9e ! Appel\u00e9 aussi la huiti\u00e8me merveille du monde, <strong>SkyWay<\/strong> repr\u00e9sente un d\u00e9fi d\u2019ing\u00e9nierie pleinement r\u00e9alis\u00e9. \u00c0 3 500 m\u00e8tres d\u2019altitude, au milieu des glaciers \u00e9ternels du <strong>Mont-Blanc<\/strong>, vous pouvez tout voir du haut avec la cabine pivotante \u00e0 360\u00b0. Bars, restaurants et autres services de divertissement compl\u00e8tent le tableau, pour vous offrir des moments de stupeur et d\u2019enchantement absolus .<\/p>\n<p>Sans oublier la liaison t\u00e9l\u00e9ph\u00e9rique avec l&rsquo;Aiguille du Midi \u00e0 travers la Mer de Glace et le village de Chamonix, une autre exp\u00e9rience \u00e0 vivre pleinement!<\/p>\n\t\t\t\t\t\t\t\t<\/div>\n\t\t\t\t<\/div>\n\t\t\t\t\t<\/div>\n\t\t<\/div>\n\t\t\t\t\t<\/div>\n\t\t<\/section>\n\t\t\t\t<\/div>\n\t\t","protected":false},"excerpt":{"rendered":"<p>Precedente Successivo Courmayeur R\u00e9servez vos vacances \u00e0 Entr\u00e8ves et d\u00e9couvrez Courmayeur et environs L\u2019H\u00f4tel Pilier D\u2019Angle se trouve en position tr\u00e8s favorable, dans le petit et caract\u00e9ristique bourg d\u2019Entr\u00e8ves \u00e0 la confluence des c\u00e9l\u00e8bres vall\u00e9es sur les pentes du Mont-Blanc : le Val Ferret et le Val Veny, \u00e9tape id\u00e9ale pour ceux qui parcourent le [&hellip;]<\/p>\n","protected":false},"author":1,"featured_media":0,"parent":0,"menu_order":0,"comment_status":"closed","ping_status":"closed","template":"","meta":{"_acf_changed":false,"footnotes":""},"class_list":["post-2009","page","type-page","status-publish","hentry"],"acf":[],"_links":{"self":[{"href":"https:\/\/www.pilierdangle.it\/fr\/wp-json\/wp\/v2\/pages\/2009","targetHints":{"allow":["GET"]}}],"collection":[{"href":"https:\/\/www.pilierdangle.it\/fr\/wp-json\/wp\/v2\/pages"}],"about":[{"href":"https:\/\/www.pilierdangle.it\/fr\/wp-json\/wp\/v2\/types\/page"}],"author":[{"embeddable":true,"href":"https:\/\/www.pilierdangle.it\/fr\/wp-json\/wp\/v2\/users\/1"}],"replies":[{"embeddable":true,"href":"https:\/\/www.pilierdangle.it\/fr\/wp-json\/wp\/v2\/comments?post=2009"}],"version-history":[{"count":2,"href":"https:\/\/www.pilierdangle.it\/fr\/wp-json\/wp\/v2\/pages\/2009\/revisions"}],"predecessor-version":[{"id":3708,"href":"https:\/\/www.pilierdangle.it\/fr\/wp-json\/wp\/v2\/pages\/2009\/revisions\/3708"}],"wp:attachment":[{"href":"https:\/\/www.pilierdangle.it\/fr\/wp-json\/wp\/v2\/media?parent=2009"}],"curies":[{"name":"wp","href":"https:\/\/api.w.org\/{rel}","templated":true}]}}